{"id":1783,"date":"2025-05-27T14:00:14","date_gmt":"2025-05-27T14:00:14","guid":{"rendered":"https:\/\/aeteixoso.bestsites.pt\/wpdir\/?page_id=1783"},"modified":"2025-05-27T14:00:14","modified_gmt":"2025-05-27T14:00:14","slug":"centro-de-arbitragem","status":"publish","type":"page","link":"https:\/\/aeteixoso.com\/wpdir\/centro-de-arbitragem\/","title":{"rendered":"Centro de Arbitragem"},"content":{"rendered":"<span itemprop=\"description\">\n<p><br>Em caso de lit\u00edgio de consumo, o consumidor pode recorrer \u00e0 plataforma\u00a0 para a resolu\u00e7\u00e3o alternativa de lit\u00edgios, a entidade competente de Resolu\u00e7\u00e3o Alternativa de Lit\u00edgios de Consumo (RAL) , estando dispon\u00edvel a lista dos Centros de Arbitragem autorizados em <a href=\"https:\/\/dgpj.justica.gov.pt\/resolucao-de-litigios\/arbitragem\/centros-de-arbitragem-autorizados\">https:\/\/dgpj.justica.gov.pt\/resolucao-de-litigios\/arbitragem\/centros-de-arbitragem-autorizados<\/a><\/p>\n<span>","protected":false},"excerpt":{"rendered":"<p class=\"excerpt\"><span itemprop=\"description\">Em caso de lit\u00edgio de consumo, o consumidor pode recorrer \u00e0 plataforma\u00a0 para a resolu\u00e7\u00e3o alternativa de lit\u00edgios, a entidade competente de Resolu\u00e7\u00e3o Alternativa de Lit\u00edgios de Consumo (RAL) , estando dispon\u00edvel a lista dos Centros de Arbitragem autorizados em https:\/\/dgpj.justica.gov.pt\/resolucao-de-litigios\/arbitragem\/centros-de-arbitragem-autorizados<\/span><\/p>\n<p class=\"more-link-p btn-align-center\"><a class=\"blue zoom-btn\" href=\"https:\/\/aeteixoso.com\/wpdir\/centro-de-arbitragem\/\">Ler mais<\/a><\/p>\n","protected":false},"author":5,"featured_media":0,"parent":0,"menu_order":0,"comment_status":"closed","ping_status":"closed","template":"","meta":{"footnotes":""},"class_list":["post-1783","page","type-page","status-publish","hentry"],"_links":{"self":[{"href":"https:\/\/aeteixoso.com\/wpdir\/wp-json\/wp\/v2\/pages\/1783","targetHints":{"allow":["GET"]}}],"collection":[{"href":"https:\/\/aeteixoso.com\/wpdir\/wp-json\/wp\/v2\/pages"}],"about":[{"href":"https:\/\/aeteixoso.com\/wpdir\/wp-json\/wp\/v2\/types\/page"}],"author":[{"embeddable":true,"href":"https:\/\/aeteixoso.com\/wpdir\/wp-json\/wp\/v2\/users\/5"}],"replies":[{"embeddable":true,"href":"https:\/\/aeteixoso.com\/wpdir\/wp-json\/wp\/v2\/comments?post=1783"}],"version-history":[{"count":1,"href":"https:\/\/aeteixoso.com\/wpdir\/wp-json\/wp\/v2\/pages\/1783\/revisions"}],"predecessor-version":[{"id":1784,"href":"https:\/\/aeteixoso.com\/wpdir\/wp-json\/wp\/v2\/pages\/1783\/revisions\/1784"}],"wp:attachment":[{"href":"https:\/\/aeteixoso.com\/wpdir\/wp-json\/wp\/v2\/media?parent=1783"}],"curies":[{"name":"wp","href":"https:\/\/api.w.org\/{rel}","templated":true}]}}